{"id":15297,"date":"2015-04-14T09:32:05","date_gmt":"2015-04-14T09:32:05","guid":{"rendered":"http:\/\/demo.qodeinteractive.com\/bridge68\/?page_id=15297"},"modified":"2020-05-05T21:52:15","modified_gmt":"2020-05-05T21:52:15","slug":"process","status":"publish","type":"page","link":"https:\/\/shilohfotisto.quorumgraphics.com\/index.php\/process\/","title":{"rendered":"Galardones"},"content":{"rendered":"<p>[vc_row css_animation=&#8221;&#8221; row_type=&#8221;row&#8221; use_row_as_full_screen_section=&#8221;no&#8221; type=&#8221;grid&#8221; angled_section=&#8221;no&#8221; text_align=&#8221;left&#8221; background_image_as_pattern=&#8221;without_pattern&#8221; padding_top=&#8221;50&#8243; padding_bottom=&#8221;50&#8243; border_color=&#8221;#f1f1f2&#8243;][vc_column][qode_elements_holder number_of_columns=&#8221;two_columns&#8221;][qode_elements_holder_item advanced_animations=&#8221;no&#8221; item_padding=&#8221;25px 25px 25px 25px&#8221;][vc_single_image image=&#8221;15519&#8243; img_size=&#8221;full&#8221; qode_css_animation=&#8221;element_from_left&#8221; transition_delay=&#8221;0.2&#8243;][\/qode_elements_holder_item][qode_elements_holder_item advanced_animations=&#8221;no&#8221; item_padding=&#8221;25px 25px 25px 25px&#8221;][vc_column_text]<\/p>\n<h4>Comit\u00e9 Fotogr\u00e1fico M\u00e9xicano<\/h4>\n<p>[\/vc_column_text][vc_separator type=&#8221;transparent&#8221; up=&#8221;17&#8243; down=&#8221;0&#8243;][vc_column_text]<\/p>\n<h5>Ganador [Haz Clic con M\u00e9xico 5]<\/h5>\n<p>Portafolio mexicano para la \u00abCopa Mundial de Fotograf\u00eda Italia 2020\u00bb WPC[\/vc_column_text][vc_separator type=&#8221;transparent&#8221; up=&#8221;25&#8243; down=&#8221;0&#8243;][\/qode_elements_holder_item][\/qode_elements_holder][\/vc_column][\/vc_row][vc_row css_animation=&#8221;&#8221; row_type=&#8221;row&#8221; use_row_as_full_screen_section=&#8221;no&#8221; type=&#8221;grid&#8221; angled_section=&#8221;no&#8221; text_align=&#8221;left&#8221; background_image_as_pattern=&#8221;without_pattern&#8221; padding_top=&#8221;50&#8243; padding_bottom=&#8221;50&#8243; border_color=&#8221;#f1f1f2&#8243;][vc_column][qode_elements_holder number_of_columns=&#8221;two_columns&#8221;][qode_elements_holder_item advanced_animations=&#8221;no&#8221; item_padding=&#8221;25px 25px 25px 25px&#8221;][vc_column_text]<\/p>\n<h4>FFIEL 2019<\/h4>\n<p>[\/vc_column_text][vc_separator type=&#8221;transparent&#8221; up=&#8221;17&#8243; down=&#8221;0&#8243;][vc_column_text]<\/p>\n<h5>Selecci\u00f3n oficial<\/h5>\n<p>4 Concurso Internacional FFIEL, 2019. Ciudad de Le\u00f3n, M\u00e9xico.[\/vc_column_text][vc_separator type=&#8221;transparent&#8221; up=&#8221;25&#8243; down=&#8221;0&#8243;][\/qode_elements_holder_item][qode_elements_holder_item advanced_animations=&#8221;no&#8221; item_padding=&#8221;25px 25px 25px 25px&#8221;][vc_single_image image=&#8221;15525&#8243; img_size=&#8221;full&#8221; qode_css_animation=&#8221;element_from_right&#8221; transition_delay=&#8221;0.4&#8243;][\/qode_elements_holder_item][\/qode_elements_holder][\/vc_column][\/vc_row][vc_row css_animation=&#8221;&#8221; row_type=&#8221;row&#8221; use_row_as_full_screen_section=&#8221;no&#8221; type=&#8221;grid&#8221; angled_section=&#8221;no&#8221; text_align=&#8221;left&#8221; background_image_as_pattern=&#8221;without_pattern&#8221; padding_top=&#8221;50&#8243; padding_bottom=&#8221;50&#8243; border_color=&#8221;#f1f1f2&#8243;][vc_column][qode_elements_holder number_of_columns=&#8221;two_columns&#8221;][qode_elements_holder_item advanced_animations=&#8221;no&#8221; item_padding=&#8221;25px 25px 25px 25px&#8221;][vc_single_image image=&#8221;15530&#8243; img_size=&#8221;full&#8221; qode_css_animation=&#8221;element_from_left&#8221; transition_delay=&#8221;0.2&#8243;][\/qode_elements_holder_item][qode_elements_holder_item advanced_animations=&#8221;no&#8221; item_padding=&#8221;25px 25px 25px 25px&#8221;][vc_column_text]<\/p>\n<h4>\u201cParticipaci\u00f3n, fortaleza y unidad 19-S\u201d<\/h4>\n<p>[\/vc_column_text][vc_separator type=&#8221;transparent&#8221; up=&#8221;17&#8243; down=&#8221;0&#8243;][vc_column_text]<\/p>\n<h5>Tercer Lugar<\/h5>\n<p>Concurso Nacional de Fotograf\u00eda, organizado por la deleg. Cuauht\u00e9moc 2017, CDMX, M\u00e9xico.[\/vc_column_text][vc_separator type=&#8221;transparent&#8221; up=&#8221;25&#8243; down=&#8221;0&#8243;][\/qode_elements_holder_item][\/qode_elements_holder][\/vc_column][\/vc_row][vc_row css_animation=&#8221;&#8221; row_type=&#8221;row&#8221; use_row_as_full_screen_section=&#8221;no&#8221; type=&#8221;grid&#8221; angled_section=&#8221;no&#8221; text_align=&#8221;left&#8221; background_image_as_pattern=&#8221;without_pattern&#8221; padding_top=&#8221;50&#8243; padding_bottom=&#8221;50&#8243; border_color=&#8221;#f1f1f2&#8243;][vc_column][qode_elements_holder number_of_columns=&#8221;two_columns&#8221;][qode_elements_holder_item advanced_animations=&#8221;no&#8221; item_padding=&#8221;25px 25px 25px 25px&#8221;][vc_column_text]<\/p>\n<h4>Concurso Internacional \u00abFoto Capital\u00bb<\/h4>\n<p>[\/vc_column_text][vc_separator type=&#8221;transparent&#8221; up=&#8221;17&#8243; down=&#8221;0&#8243;][vc_column_text]<\/p>\n<h5>Primer Lugar<\/h5>\n<p>Categor\u00eda Fotograf\u00eda de Excelencia, 2015. CDMX, M\u00e9xico.[\/vc_column_text][vc_separator type=&#8221;transparent&#8221; up=&#8221;25&#8243; down=&#8221;0&#8243;][\/qode_elements_holder_item][qode_elements_holder_item advanced_animations=&#8221;no&#8221; item_padding=&#8221;25px 25px 25px 25px&#8221;][vc_single_image image=&#8221;15532&#8243; img_size=&#8221;full&#8221; qode_css_animation=&#8221;element_from_right&#8221; transition_delay=&#8221;0.4&#8243;][\/qode_elements_holder_item][\/qode_elements_holder][\/vc_column][\/vc_row][vc_row css_animation=&#8221;&#8221; row_type=&#8221;row&#8221; use_row_as_full_screen_section=&#8221;no&#8221; type=&#8221;grid&#8221; angled_section=&#8221;no&#8221; text_align=&#8221;left&#8221; background_image_as_pattern=&#8221;without_pattern&#8221; padding_top=&#8221;50&#8243; padding_bottom=&#8221;50&#8243; border_color=&#8221;#f1f1f2&#8243;][vc_column][qode_elements_holder number_of_columns=&#8221;two_columns&#8221;][qode_elements_holder_item advanced_animations=&#8221;no&#8221; item_padding=&#8221;25px 25px 25px 25px&#8221;][vc_single_image image=&#8221;15535&#8243; img_size=&#8221;full&#8221; qode_css_animation=&#8221;element_from_left&#8221; transition_delay=&#8221;0.2&#8243;][\/qode_elements_holder_item][qode_elements_holder_item advanced_animations=&#8221;no&#8221; item_padding=&#8221;25px 25px 25px 25px&#8221;][vc_column_text]<\/p>\n<h4>Cuartoscuro 2015<\/h4>\n<p>[\/vc_column_text][vc_separator type=&#8221;transparent&#8221; up=&#8221;17&#8243; down=&#8221;0&#8243;][vc_column_text]<\/p>\n<h5>Selecci\u00f3n oficial<\/h5>\n<p>Concurso Nacional de Cuartoscuro \u201cEl Deportista Desconocido, otros terrenos de Juego\u201d 2015. CDMX, M\u00e9xico.[\/vc_column_text][vc_separator type=&#8221;transparent&#8221; up=&#8221;25&#8243; down=&#8221;0&#8243;][\/qode_elements_holder_item][\/qode_elements_holder][\/vc_column][\/vc_row][vc_row css_animation=&#8221;&#8221; row_type=&#8221;row&#8221; use_row_as_full_screen_section=&#8221;no&#8221; type=&#8221;grid&#8221; angled_section=&#8221;no&#8221; text_align=&#8221;left&#8221; background_image_as_pattern=&#8221;without_pattern&#8221; padding_top=&#8221;50&#8243; padding_bottom=&#8221;50&#8243; border_color=&#8221;#f1f1f2&#8243;][vc_column][qode_elements_holder number_of_columns=&#8221;two_columns&#8221;][qode_elements_holder_item advanced_animations=&#8221;no&#8221; item_padding=&#8221;25px 25px 25px 25px&#8221;][vc_column_text]<\/p>\n<h4>AMAFORE<\/h4>\n<p>[\/vc_column_text][vc_separator type=&#8221;transparent&#8221; up=&#8221;17&#8243; down=&#8221;0&#8243;][vc_column_text]<\/p>\n<h5>Tercer Lugar<\/h5>\n<p>Concurso Nacional \u00abPrepara tu Futuro\u00bb 2014. CDMX, M\u00e9xico.[\/vc_column_text][vc_separator type=&#8221;transparent&#8221; up=&#8221;25&#8243; down=&#8221;0&#8243;][\/qode_elements_holder_item][qode_elements_holder_item advanced_animations=&#8221;no&#8221; item_padding=&#8221;25px 25px 25px 25px&#8221;][vc_single_image image=&#8221;15538&#8243; img_size=&#8221;full&#8221; qode_css_animation=&#8221;element_from_right&#8221; transition_delay=&#8221;0.4&#8243;][\/qode_elements_holder_item][\/qode_elements_holder][\/vc_column][\/vc_row][vc_row css_animation=&#8221;&#8221; row_type=&#8221;row&#8221; use_row_as_full_screen_section=&#8221;no&#8221; type=&#8221;grid&#8221; angled_section=&#8221;no&#8221; text_align=&#8221;left&#8221; background_image_as_pattern=&#8221;without_pattern&#8221; padding_top=&#8221;50&#8243; padding_bottom=&#8221;50&#8243; border_color=&#8221;#f1f1f2&#8243;][vc_column][qode_elements_holder number_of_columns=&#8221;two_columns&#8221;][qode_elements_holder_item advanced_animations=&#8221;no&#8221; item_padding=&#8221;25px 25px 25px 25px&#8221;][vc_single_image image=&#8221;15540&#8243; img_size=&#8221;full&#8221; qode_css_animation=&#8221;element_from_left&#8221; transition_delay=&#8221;0.2&#8243;][\/qode_elements_holder_item][qode_elements_holder_item advanced_animations=&#8221;no&#8221; item_padding=&#8221;25px 25px 25px 25px&#8221;][vc_column_text]<\/p>\n<h4>Redes de Tlacotalpan<\/h4>\n<p>[\/vc_column_text][vc_separator type=&#8221;transparent&#8221; up=&#8221;17&#8243; down=&#8221;0&#8243;][vc_column_text]<\/p>\n<h5>Segundo Lugar<\/h5>\n<p>Concurso Nacional de fotograf\u00eda con tel\u00e9fono m\u00f3vil \u00abRedes de Tlacotalpan 2012\u00bb. Tlacotalpan, Veracruz, M\u00e9xico.[\/vc_column_text][vc_separator type=&#8221;transparent&#8221; up=&#8221;25&#8243; down=&#8221;0&#8243;][\/qode_elements_holder_item][\/qode_elements_holder][\/vc_column][\/vc_row][vc_row css_animation=&#8221;&#8221; row_type=&#8221;row&#8221; use_row_as_full_screen_section=&#8221;no&#8221; type=&#8221;grid&#8221; angled_section=&#8221;no&#8221; text_align=&#8221;left&#8221; background_image_as_pattern=&#8221;without_pattern&#8221; padding_top=&#8221;50&#8243; padding_bottom=&#8221;50&#8243; border_color=&#8221;#f1f1f2&#8243;][vc_column][qode_elements_holder number_of_columns=&#8221;two_columns&#8221;][qode_elements_holder_item advanced_animations=&#8221;no&#8221; item_padding=&#8221;25px 25px 25px 25px&#8221;][vc_column_text]<\/p>\n<h4>Exposiciones<\/h4>\n<p>[\/vc_column_text][vc_separator type=&#8221;transparent&#8221; up=&#8221;17&#8243; down=&#8221;0&#8243;][vc_column_text]<\/p>\n<h5>Colectivas<\/h5>\n<p>\u2022 Selecci\u00f3n oficial 4 Concurso Internacional FFIEL 2019, Museo de la Ciudad de Le\u00f3n, M\u00e9xico.<\/p>\n<p>\u2022 \u201cparticipaci\u00f3n, fortaleza y unidad 19-S\u201d 2017, explanada de la deleg. Cuauht\u00e9moc, CDMX, M\u00e9xico.<\/p>\n<p>\u2022 Ventanas del Rededor 2014, Centro Hist\u00f3rico. CDMX, M\u00e9xico.<\/p>\n<p>\u2022 Primera Bienal H\u00e9ctor Garc\u00eda 2013, en la galer\u00eda H\u00e9ctor Garc\u00eda. CDMX, M\u00e9xico.<\/p>\n<p>\u2022 Internacional Hipstamatic 2012, en la galer\u00eda Colectiva f4. Lisboa, Portugal.<\/p>\n<p>\u2022 &#8220;Sobre ruedas 2012&#8243; en el Museo Interactivo Trompo M\u00e1gico. Guadalajara, Jalisco.[\/vc_column_text][vc_separator type=&#8221;transparent&#8221; up=&#8221;25&#8243; down=&#8221;0&#8243;][\/qode_elements_holder_item][\/qode_elements_holder][\/vc_column][\/vc_row][vc_row css_animation=&#8221;&#8221; row_type=&#8221;row&#8221; use_row_as_full_screen_section=&#8221;no&#8221; type=&#8221;grid&#8221; angled_section=&#8221;no&#8221; text_align=&#8221;left&#8221; background_image_as_pattern=&#8221;without_pattern&#8221; padding_top=&#8221;50&#8243; padding_bottom=&#8221;50&#8243; border_color=&#8221;#f1f1f2&#8243;][vc_column][qode_elements_holder number_of_columns=&#8221;two_columns&#8221;][qode_elements_holder_item advanced_animations=&#8221;no&#8221; item_padding=&#8221;25px 25px 25px 25px&#8221;][vc_column_text]<\/p>\n<h4>Publicaciones<\/h4>\n<p>[\/vc_column_text][vc_separator type=&#8221;transparent&#8221; up=&#8221;17&#8243; down=&#8221;0&#8243;][vc_column_text]<\/p>\n<h5>Revistas<\/h5>\n<p>\u2022 Revista Cuartoscuro [n\u00famero especial PINHOLE, Selecci\u00f3n oficial \u201c19\/S El d\u00eda que nos reencontramos\u201d memorial del sismo 2018. M\u00e9xico.<\/p>\n<p>\u2022 Revista Cuartoscuro 132, Selecci\u00f3n oficial El Deportista Desconocido otros terrenos de Juego 2015. M\u00e9xico.<\/p>\n<p>\u2022 Revista Literaria Infame no. 9, Historias del Fin el Mundo 2015, Secci\u00f3n Voyeur. M\u00e9xico.<\/p>\n<p>\u2022 Cat\u00e1logo oficial del Concurso Internacional Trierenberg Super Circuit 2014. Austria.<\/p>\n<p>\u2022 Snap Magazine, Edici\u00f3n Speak Out 2012, revista especializada en <em>Iphoneography. <\/em>Estados Unidos.[\/vc_column_text][vc_separator type=&#8221;transparent&#8221; up=&#8221;25&#8243; down=&#8221;0&#8243;][\/qode_elements_holder_item][\/qode_elements_holder][\/vc_column][\/vc_row]<\/p>\n","protected":false},"excerpt":{"rendered":"<p>[vc_row css_animation=&#8221;&#8221; row_type=&#8221;row&#8221; use_row_as_full_screen_section=&#8221;no&#8221; type=&#8221;grid&#8221; angled_section=&#8221;no&#8221; text_align=&#8221;left&#8221; background_image_as_pattern=&#8221;without_pattern&#8221; padding_top=&#8221;50&#8243; padding_bottom=&#8221;50&#8243; border_color=&#8221;#f1f1f2&#8243;][vc_column][qode_elements_holder number_of_columns=&#8221;two_columns&#8221;][qode_elements_holder_item advanced_animations=&#8221;no&#8221; item_padding=&#8221;25px 25px 25px 25px&#8221;][vc_single_image image=&#8221;15519&#8243; img_size=&#8221;full&#8221; qode_css_animation=&#8221;element_from_left&#8221; transition_delay=&#8221;0.2&#8243;][\/qode_elements_holder_item][qode_elements_holder_item advanced_animations=&#8221;no&#8221; item_padding=&#8221;25px 25px 25px 25px&#8221;][vc_column_text] Comit\u00e9 Fotogr\u00e1fico M\u00e9xicano [\/vc_column_text][vc_separator type=&#8221;transparent&#8221; up=&#8221;17&#8243; down=&#8221;0&#8243;][vc_column_text] Ganador [Haz Clic con M\u00e9xico 5] Portafolio mexicano para la \u00abCopa Mundial&#8230;<\/p>\n","protected":false},"author":1,"featured_media":0,"parent":0,"menu_order":0,"comment_status":"open","ping_status":"open","template":"full_width.php","meta":{"footnotes":""},"class_list":["post-15297","page","type-page","status-publish","hentry"],"yoast_head":"<!-- This site is optimized with the Yoast SEO plugin v27.5 - https:\/\/yoast.com\/product\/yoast-seo-wordpress\/ -->\n<title>Galardones - Shiloh Garc\u00eda<\/title>\n<meta name=\"robots\" content=\"index, follow, max-snippet:-1, max-image-preview:large, max-video-preview:-1\" \/>\n<link rel=\"canonical\" href=\"https:\/\/shilohfotisto.quorumgraphics.com\/index.php\/process\/\" \/>\n<meta property=\"og:locale\" content=\"en_US\" \/>\n<meta property=\"og:type\" content=\"article\" \/>\n<meta property=\"og:title\" content=\"Galardones - Shiloh Garc\u00eda\" \/>\n<meta property=\"og:description\" content=\"[vc_row css_animation=&#8221;&#8221; row_type=&#8221;row&#8221; use_row_as_full_screen_section=&#8221;no&#8221; type=&#8221;grid&#8221; angled_section=&#8221;no&#8221; text_align=&#8221;left&#8221; background_image_as_pattern=&#8221;without_pattern&#8221; padding_top=&#8221;50&#8243; padding_bottom=&#8221;50&#8243; border_color=&#8221;#f1f1f2&#8243;][vc_column][qode_elements_holder number_of_columns=&#8221;two_columns&#8221;][qode_elements_holder_item advanced_animations=&#8221;no&#8221; item_padding=&#8221;25px 25px 25px 25px&#8221;][vc_single_image image=&#8221;15519&#8243; img_size=&#8221;full&#8221; qode_css_animation=&#8221;element_from_left&#8221; transition_delay=&#8221;0.2&#8243;][\/qode_elements_holder_item][qode_elements_holder_item advanced_animations=&#8221;no&#8221; item_padding=&#8221;25px 25px 25px 25px&#8221;][vc_column_text] Comit\u00e9 Fotogr\u00e1fico M\u00e9xicano [\/vc_column_text][vc_separator type=&#8221;transparent&#8221; up=&#8221;17&#8243; down=&#8221;0&#8243;][vc_column_text] Ganador [Haz Clic con M\u00e9xico 5] Portafolio mexicano para la \u00abCopa Mundial...\" \/>\n<meta property=\"og:url\" content=\"https:\/\/shilohfotisto.quorumgraphics.com\/index.php\/process\/\" \/>\n<meta property=\"og:site_name\" content=\"Shiloh Garc\u00eda\" \/>\n<meta property=\"article:modified_time\" content=\"2020-05-05T21:52:15+00:00\" \/>\n<meta name=\"twitter:card\" content=\"summary_large_image\" \/>\n<meta name=\"twitter:label1\" content=\"Est. reading time\" \/>\n\t<meta name=\"twitter:data1\" content=\"7 minutes\" \/>\n<script type=\"application\/ld+json\" class=\"yoast-schema-graph\">{\"@context\":\"https:\\\/\\\/schema.org\",\"@graph\":[{\"@type\":\"WebPage\",\"@id\":\"https:\\\/\\\/shilohfotisto.quorumgraphics.com\\\/index.php\\\/process\\\/\",\"url\":\"https:\\\/\\\/shilohfotisto.quorumgraphics.com\\\/index.php\\\/process\\\/\",\"name\":\"Galardones - Shiloh Garc\u00eda\",\"isPartOf\":{\"@id\":\"https:\\\/\\\/shilohfotisto.quorumgraphics.com\\\/#website\"},\"datePublished\":\"2015-04-14T09:32:05+00:00\",\"dateModified\":\"2020-05-05T21:52:15+00:00\",\"breadcrumb\":{\"@id\":\"https:\\\/\\\/shilohfotisto.quorumgraphics.com\\\/index.php\\\/process\\\/#breadcrumb\"},\"inLanguage\":\"en-US\",\"potentialAction\":[{\"@type\":\"ReadAction\",\"target\":[\"https:\\\/\\\/shilohfotisto.quorumgraphics.com\\\/index.php\\\/process\\\/\"]}]},{\"@type\":\"BreadcrumbList\",\"@id\":\"https:\\\/\\\/shilohfotisto.quorumgraphics.com\\\/index.php\\\/process\\\/#breadcrumb\",\"itemListElement\":[{\"@type\":\"ListItem\",\"position\":1,\"name\":\"Home\",\"item\":\"https:\\\/\\\/shilohfotisto.quorumgraphics.com\\\/\"},{\"@type\":\"ListItem\",\"position\":2,\"name\":\"Galardones\"}]},{\"@type\":\"WebSite\",\"@id\":\"https:\\\/\\\/shilohfotisto.quorumgraphics.com\\\/#website\",\"url\":\"https:\\\/\\\/shilohfotisto.quorumgraphics.com\\\/\",\"name\":\"Shiloh Garc\u00eda\",\"description\":\"shiloh fotisto web site\",\"potentialAction\":[{\"@type\":\"SearchAction\",\"target\":{\"@type\":\"EntryPoint\",\"urlTemplate\":\"https:\\\/\\\/shilohfotisto.quorumgraphics.com\\\/?s={search_term_string}\"},\"query-input\":{\"@type\":\"PropertyValueSpecification\",\"valueRequired\":true,\"valueName\":\"search_term_string\"}}],\"inLanguage\":\"en-US\"}]}<\/script>\n<!-- \/ Yoast SEO plugin. -->","yoast_head_json":{"title":"Galardones - Shiloh Garc\u00eda","robots":{"index":"index","follow":"follow","max-snippet":"max-snippet:-1","max-image-preview":"max-image-preview:large","max-video-preview":"max-video-preview:-1"},"canonical":"https:\/\/shilohfotisto.quorumgraphics.com\/index.php\/process\/","og_locale":"en_US","og_type":"article","og_title":"Galardones - Shiloh Garc\u00eda","og_description":"[vc_row css_animation=&#8221;&#8221; row_type=&#8221;row&#8221; use_row_as_full_screen_section=&#8221;no&#8221; type=&#8221;grid&#8221; angled_section=&#8221;no&#8221; text_align=&#8221;left&#8221; background_image_as_pattern=&#8221;without_pattern&#8221; padding_top=&#8221;50&#8243; padding_bottom=&#8221;50&#8243; border_color=&#8221;#f1f1f2&#8243;][vc_column][qode_elements_holder number_of_columns=&#8221;two_columns&#8221;][qode_elements_holder_item advanced_animations=&#8221;no&#8221; item_padding=&#8221;25px 25px 25px 25px&#8221;][vc_single_image image=&#8221;15519&#8243; img_size=&#8221;full&#8221; qode_css_animation=&#8221;element_from_left&#8221; transition_delay=&#8221;0.2&#8243;][\/qode_elements_holder_item][qode_elements_holder_item advanced_animations=&#8221;no&#8221; item_padding=&#8221;25px 25px 25px 25px&#8221;][vc_column_text] Comit\u00e9 Fotogr\u00e1fico M\u00e9xicano [\/vc_column_text][vc_separator type=&#8221;transparent&#8221; up=&#8221;17&#8243; down=&#8221;0&#8243;][vc_column_text] Ganador [Haz Clic con M\u00e9xico 5] Portafolio mexicano para la \u00abCopa Mundial...","og_url":"https:\/\/shilohfotisto.quorumgraphics.com\/index.php\/process\/","og_site_name":"Shiloh Garc\u00eda","article_modified_time":"2020-05-05T21:52:15+00:00","twitter_card":"summary_large_image","twitter_misc":{"Est. reading time":"7 minutes"},"schema":{"@context":"https:\/\/schema.org","@graph":[{"@type":"WebPage","@id":"https:\/\/shilohfotisto.quorumgraphics.com\/index.php\/process\/","url":"https:\/\/shilohfotisto.quorumgraphics.com\/index.php\/process\/","name":"Galardones - Shiloh Garc\u00eda","isPartOf":{"@id":"https:\/\/shilohfotisto.quorumgraphics.com\/#website"},"datePublished":"2015-04-14T09:32:05+00:00","dateModified":"2020-05-05T21:52:15+00:00","breadcrumb":{"@id":"https:\/\/shilohfotisto.quorumgraphics.com\/index.php\/process\/#breadcrumb"},"inLanguage":"en-US","potentialAction":[{"@type":"ReadAction","target":["https:\/\/shilohfotisto.quorumgraphics.com\/index.php\/process\/"]}]},{"@type":"BreadcrumbList","@id":"https:\/\/shilohfotisto.quorumgraphics.com\/index.php\/process\/#breadcrumb","itemListElement":[{"@type":"ListItem","position":1,"name":"Home","item":"https:\/\/shilohfotisto.quorumgraphics.com\/"},{"@type":"ListItem","position":2,"name":"Galardones"}]},{"@type":"WebSite","@id":"https:\/\/shilohfotisto.quorumgraphics.com\/#website","url":"https:\/\/shilohfotisto.quorumgraphics.com\/","name":"Shiloh Garc\u00eda","description":"shiloh fotisto web site","potentialAction":[{"@type":"SearchAction","target":{"@type":"EntryPoint","urlTemplate":"https:\/\/shilohfotisto.quorumgraphics.com\/?s={search_term_string}"},"query-input":{"@type":"PropertyValueSpecification","valueRequired":true,"valueName":"search_term_string"}}],"inLanguage":"en-US"}]}},"_links":{"self":[{"href":"https:\/\/shilohfotisto.quorumgraphics.com\/index.php\/wp-json\/wp\/v2\/pages\/15297","targetHints":{"allow":["GET"]}}],"collection":[{"href":"https:\/\/shilohfotisto.quorumgraphics.com\/index.php\/wp-json\/wp\/v2\/pages"}],"about":[{"href":"https:\/\/shilohfotisto.quorumgraphics.com\/index.php\/wp-json\/wp\/v2\/types\/page"}],"author":[{"embeddable":true,"href":"https:\/\/shilohfotisto.quorumgraphics.com\/index.php\/wp-json\/wp\/v2\/users\/1"}],"replies":[{"embeddable":true,"href":"https:\/\/shilohfotisto.quorumgraphics.com\/index.php\/wp-json\/wp\/v2\/comments?post=15297"}],"version-history":[{"count":21,"href":"https:\/\/shilohfotisto.quorumgraphics.com\/index.php\/wp-json\/wp\/v2\/pages\/15297\/revisions"}],"predecessor-version":[{"id":15545,"href":"https:\/\/shilohfotisto.quorumgraphics.com\/index.php\/wp-json\/wp\/v2\/pages\/15297\/revisions\/15545"}],"wp:attachment":[{"href":"https:\/\/shilohfotisto.quorumgraphics.com\/index.php\/wp-json\/wp\/v2\/media?parent=15297"}],"curies":[{"name":"wp","href":"https:\/\/api.w.org\/{rel}","templated":true}]}}