{"id":15295,"date":"2015-04-09T15:02:37","date_gmt":"2015-04-09T15:02:37","guid":{"rendered":"http:\/\/demo.qodeinteractive.com\/bridge68\/?page_id=15295"},"modified":"2020-05-10T18:48:41","modified_gmt":"2020-05-10T18:48:41","slug":"about","status":"publish","type":"page","link":"https:\/\/shilohfotisto.quorumgraphics.com\/index.php\/about\/","title":{"rendered":"Shiloh Garc\u00eda"},"content":{"rendered":"<p>[vc_row css_animation=&#8221;&#8221; row_type=&#8221;row&#8221; use_row_as_full_screen_section=&#8221;no&#8221; type=&#8221;grid&#8221; angled_section=&#8221;no&#8221; text_align=&#8221;center&#8221; background_image_as_pattern=&#8221;without_pattern&#8221; padding_top=&#8221;90&#8243;][vc_column][vc_separator type=&#8221;transparent&#8221; up=&#8221;95&#8243; down=&#8221;0&#8243;][vc_column_text]<\/p>\n<h4>dise\u00f1ador gr\u00e1fico + fot\u00f3grafo<\/h4>\n<h5>CDMX, M\u00e9xico.<\/h5>\n<p>Egres\u00f3 de La Licenciatura en Dise\u00f1o Gr\u00e1fico en la Escuela Nacional de Artes Pl\u00e1sticas de la UNAM, CDMX, M\u00e9xico. La fotograf\u00eda le ha acompa\u00f1ado desde su formaci\u00f3n acad\u00e9mica como un complemento inalienable a su desarrollo profesional, ah\u00ed la encontr\u00f3 a tientas entre la alquimia de vapores de metol y sulfito de sodio. Al tiempo en la fotograf\u00eda encontr\u00f3 complicidad y un medio de expresi\u00f3n personal y art\u00edstico.<\/p>\n<h4 style=\"text-align: center;\"><span style=\"color: #808ba0;\">\u00a0<\/span><\/h4>\n<p>[\/vc_column_text][vc_separator type=&#8221;small&#8221; position=&#8221;center&#8221; up=&#8221;50&#8243; down=&#8221;10&#8243;][\/vc_column][\/vc_row][vc_row row_type=&#8221;expandable&#8221; header_style=&#8221;light&#8221; text_align=&#8221;center&#8221; button_position=&#8221;center&#8221; more_button_label=&#8221;extra&#8221; less_button_label=&#8221;menos&#8221; color=&#8221;#aeb7c1&#8243; hover_color=&#8221;#aeb7c1&#8243;][vc_column][vc_column_text]<\/p>\n<div class=\"wpb_text_column wpb_content_element \">\n<div class=\"wpb_wrapper\">\n<h4 style=\"text-align: center;\">Exposiciones<\/h4>\n<\/div>\n<\/div>\n<div class=\"separator transparent \" style=\"text-align: center;\"><\/div>\n<div class=\"wpb_text_column wpb_content_element \">\n<div class=\"wpb_wrapper\">\n<h5 style=\"text-align: center;\">Colectivas<\/h5>\n<p style=\"text-align: center;\">\u2022 Selecci\u00f3n oficial 4 Concurso Internacional FFIEL 2019, Museo de la Ciudad de Le\u00f3n, M\u00e9xico.<\/p>\n<p style=\"text-align: center;\">\u2022 \u201cparticipaci\u00f3n, fortaleza y unidad 19-S\u201d 2017, explanada de la deleg. Cuauht\u00e9moc, CDMX, M\u00e9xico.<\/p>\n<p style=\"text-align: center;\">\u2022 Ventanas del Rededor 2014, Centro Hist\u00f3rico. CDMX, M\u00e9xico.<\/p>\n<p style=\"text-align: center;\">\u2022 Primera Bienal H\u00e9ctor Garc\u00eda 2013, en la galer\u00eda H\u00e9ctor Garc\u00eda. CDMX, M\u00e9xico.<\/p>\n<p style=\"text-align: center;\">\u2022 Internacional Hipstamatic 2012, en la galer\u00eda Colectiva f4. Lisboa, Portugal.<\/p>\n<p style=\"text-align: center;\">\u2022 \u201cSobre ruedas 2012\u201d en el Museo Interactivo Trompo M\u00e1gico. Guadalajara, Jalisco.<\/p>\n<\/div>\n<\/div>\n<p>[\/vc_column_text][vc_separator type=&#8221;small&#8221; position=&#8221;center&#8221; up=&#8221;50&#8243; down=&#8221;50&#8243;][vc_column_text]<\/p>\n<div class=\"wpb_text_column wpb_content_element \">\n<div class=\"wpb_wrapper\">\n<h4 style=\"text-align: center;\">Publicaciones<\/h4>\n<p>&nbsp;<\/p>\n<h5 style=\"text-align: center;\">Revistas<\/h5>\n<\/div>\n<\/div>\n<div class=\"wpb_text_column wpb_content_element \">\n<div class=\"wpb_wrapper\">\n<p style=\"text-align: center;\">\u2022 Revista Cuartoscuro [n\u00famero especial PINHOLE, Selecci\u00f3n oficial \u201c19\/S El d\u00eda que nos reencontramos\u201d memorial del sismo 2018. M\u00e9xico.<\/p>\n<p style=\"text-align: center;\">\u2022 Revista Cuartoscuro 132, Selecci\u00f3n oficial El Deportista Desconocido otros terrenos de Juego 2015. M\u00e9xico.<\/p>\n<p style=\"text-align: center;\">\u2022 Revista Literaria Infame no. 9, Historias del Fin el Mundo 2015, Secci\u00f3n Voyeur. M\u00e9xico.<\/p>\n<p style=\"text-align: center;\">\u2022 Cat\u00e1logo oficial del Concurso Internacional Trierenberg Super Circuit 2014. Austria.<\/p>\n<p style=\"text-align: center;\">\u2022 Snap Magazine, Edici\u00f3n Speak Out 2012, revista especializada en <em>Iphoneography. <\/em>Estados Unidos.<\/p>\n<\/div>\n<\/div>\n<p>[\/vc_column_text][\/vc_column][\/vc_row]<\/p>\n","protected":false},"excerpt":{"rendered":"<p>[vc_row css_animation=&#8221;&#8221; row_type=&#8221;row&#8221; use_row_as_full_screen_section=&#8221;no&#8221; type=&#8221;grid&#8221; angled_section=&#8221;no&#8221; text_align=&#8221;center&#8221; background_image_as_pattern=&#8221;without_pattern&#8221; padding_top=&#8221;90&#8243;][vc_column][vc_separator type=&#8221;transparent&#8221; up=&#8221;95&#8243; down=&#8221;0&#8243;][vc_column_text] dise\u00f1ador gr\u00e1fico + fot\u00f3grafo CDMX, M\u00e9xico. Egres\u00f3 de La Licenciatura en Dise\u00f1o Gr\u00e1fico en la Escuela Nacional de Artes Pl\u00e1sticas de la UNAM, CDMX, M\u00e9xico. La fotograf\u00eda le ha acompa\u00f1ado desde su formaci\u00f3n&#8230;<\/p>\n","protected":false},"author":1,"featured_media":0,"parent":0,"menu_order":0,"comment_status":"open","ping_status":"open","template":"full_width.php","meta":{"footnotes":""},"class_list":["post-15295","page","type-page","status-publish","hentry"],"yoast_head":"<!-- This site is optimized with the Yoast SEO plugin v27.4 - https:\/\/yoast.com\/product\/yoast-seo-wordpress\/ -->\n<title>Shiloh Garc\u00eda - Shiloh Garc\u00eda<\/title>\n<meta name=\"robots\" content=\"index, follow, max-snippet:-1, max-image-preview:large, max-video-preview:-1\" \/>\n<link rel=\"canonical\" href=\"https:\/\/shilohfotisto.quorumgraphics.com\/index.php\/about\/\" \/>\n<meta property=\"og:locale\" content=\"en_US\" \/>\n<meta property=\"og:type\" content=\"article\" \/>\n<meta property=\"og:title\" content=\"Shiloh Garc\u00eda - Shiloh Garc\u00eda\" \/>\n<meta property=\"og:description\" content=\"[vc_row css_animation=&#8221;&#8221; row_type=&#8221;row&#8221; use_row_as_full_screen_section=&#8221;no&#8221; type=&#8221;grid&#8221; angled_section=&#8221;no&#8221; text_align=&#8221;center&#8221; background_image_as_pattern=&#8221;without_pattern&#8221; padding_top=&#8221;90&#8243;][vc_column][vc_separator type=&#8221;transparent&#8221; up=&#8221;95&#8243; down=&#8221;0&#8243;][vc_column_text] dise\u00f1ador gr\u00e1fico + fot\u00f3grafo CDMX, M\u00e9xico. Egres\u00f3 de La Licenciatura en Dise\u00f1o Gr\u00e1fico en la Escuela Nacional de Artes Pl\u00e1sticas de la UNAM, CDMX, M\u00e9xico. La fotograf\u00eda le ha acompa\u00f1ado desde su formaci\u00f3n...\" \/>\n<meta property=\"og:url\" content=\"https:\/\/shilohfotisto.quorumgraphics.com\/index.php\/about\/\" \/>\n<meta property=\"og:site_name\" content=\"Shiloh Garc\u00eda\" \/>\n<meta property=\"article:modified_time\" content=\"2020-05-10T18:48:41+00:00\" \/>\n<meta name=\"twitter:card\" content=\"summary_large_image\" \/>\n<meta name=\"twitter:label1\" content=\"Est. reading time\" \/>\n\t<meta name=\"twitter:data1\" content=\"2 minutes\" \/>\n<script type=\"application\/ld+json\" class=\"yoast-schema-graph\">{\"@context\":\"https:\\\/\\\/schema.org\",\"@graph\":[{\"@type\":\"WebPage\",\"@id\":\"https:\\\/\\\/shilohfotisto.quorumgraphics.com\\\/index.php\\\/about\\\/\",\"url\":\"https:\\\/\\\/shilohfotisto.quorumgraphics.com\\\/index.php\\\/about\\\/\",\"name\":\"Shiloh Garc\u00eda - Shiloh Garc\u00eda\",\"isPartOf\":{\"@id\":\"https:\\\/\\\/shilohfotisto.quorumgraphics.com\\\/#website\"},\"datePublished\":\"2015-04-09T15:02:37+00:00\",\"dateModified\":\"2020-05-10T18:48:41+00:00\",\"breadcrumb\":{\"@id\":\"https:\\\/\\\/shilohfotisto.quorumgraphics.com\\\/index.php\\\/about\\\/#breadcrumb\"},\"inLanguage\":\"en-US\",\"potentialAction\":[{\"@type\":\"ReadAction\",\"target\":[\"https:\\\/\\\/shilohfotisto.quorumgraphics.com\\\/index.php\\\/about\\\/\"]}]},{\"@type\":\"BreadcrumbList\",\"@id\":\"https:\\\/\\\/shilohfotisto.quorumgraphics.com\\\/index.php\\\/about\\\/#breadcrumb\",\"itemListElement\":[{\"@type\":\"ListItem\",\"position\":1,\"name\":\"Home\",\"item\":\"https:\\\/\\\/shilohfotisto.quorumgraphics.com\\\/\"},{\"@type\":\"ListItem\",\"position\":2,\"name\":\"Shiloh Garc\u00eda\"}]},{\"@type\":\"WebSite\",\"@id\":\"https:\\\/\\\/shilohfotisto.quorumgraphics.com\\\/#website\",\"url\":\"https:\\\/\\\/shilohfotisto.quorumgraphics.com\\\/\",\"name\":\"Shiloh Garc\u00eda\",\"description\":\"shiloh fotisto web site\",\"potentialAction\":[{\"@type\":\"SearchAction\",\"target\":{\"@type\":\"EntryPoint\",\"urlTemplate\":\"https:\\\/\\\/shilohfotisto.quorumgraphics.com\\\/?s={search_term_string}\"},\"query-input\":{\"@type\":\"PropertyValueSpecification\",\"valueRequired\":true,\"valueName\":\"search_term_string\"}}],\"inLanguage\":\"en-US\"}]}<\/script>\n<!-- \/ Yoast SEO plugin. -->","yoast_head_json":{"title":"Shiloh Garc\u00eda - Shiloh Garc\u00eda","robots":{"index":"index","follow":"follow","max-snippet":"max-snippet:-1","max-image-preview":"max-image-preview:large","max-video-preview":"max-video-preview:-1"},"canonical":"https:\/\/shilohfotisto.quorumgraphics.com\/index.php\/about\/","og_locale":"en_US","og_type":"article","og_title":"Shiloh Garc\u00eda - Shiloh Garc\u00eda","og_description":"[vc_row css_animation=&#8221;&#8221; row_type=&#8221;row&#8221; use_row_as_full_screen_section=&#8221;no&#8221; type=&#8221;grid&#8221; angled_section=&#8221;no&#8221; text_align=&#8221;center&#8221; background_image_as_pattern=&#8221;without_pattern&#8221; padding_top=&#8221;90&#8243;][vc_column][vc_separator type=&#8221;transparent&#8221; up=&#8221;95&#8243; down=&#8221;0&#8243;][vc_column_text] dise\u00f1ador gr\u00e1fico + fot\u00f3grafo CDMX, M\u00e9xico. Egres\u00f3 de La Licenciatura en Dise\u00f1o Gr\u00e1fico en la Escuela Nacional de Artes Pl\u00e1sticas de la UNAM, CDMX, M\u00e9xico. La fotograf\u00eda le ha acompa\u00f1ado desde su formaci\u00f3n...","og_url":"https:\/\/shilohfotisto.quorumgraphics.com\/index.php\/about\/","og_site_name":"Shiloh Garc\u00eda","article_modified_time":"2020-05-10T18:48:41+00:00","twitter_card":"summary_large_image","twitter_misc":{"Est. reading time":"2 minutes"},"schema":{"@context":"https:\/\/schema.org","@graph":[{"@type":"WebPage","@id":"https:\/\/shilohfotisto.quorumgraphics.com\/index.php\/about\/","url":"https:\/\/shilohfotisto.quorumgraphics.com\/index.php\/about\/","name":"Shiloh Garc\u00eda - Shiloh Garc\u00eda","isPartOf":{"@id":"https:\/\/shilohfotisto.quorumgraphics.com\/#website"},"datePublished":"2015-04-09T15:02:37+00:00","dateModified":"2020-05-10T18:48:41+00:00","breadcrumb":{"@id":"https:\/\/shilohfotisto.quorumgraphics.com\/index.php\/about\/#breadcrumb"},"inLanguage":"en-US","potentialAction":[{"@type":"ReadAction","target":["https:\/\/shilohfotisto.quorumgraphics.com\/index.php\/about\/"]}]},{"@type":"BreadcrumbList","@id":"https:\/\/shilohfotisto.quorumgraphics.com\/index.php\/about\/#breadcrumb","itemListElement":[{"@type":"ListItem","position":1,"name":"Home","item":"https:\/\/shilohfotisto.quorumgraphics.com\/"},{"@type":"ListItem","position":2,"name":"Shiloh Garc\u00eda"}]},{"@type":"WebSite","@id":"https:\/\/shilohfotisto.quorumgraphics.com\/#website","url":"https:\/\/shilohfotisto.quorumgraphics.com\/","name":"Shiloh Garc\u00eda","description":"shiloh fotisto web site","potentialAction":[{"@type":"SearchAction","target":{"@type":"EntryPoint","urlTemplate":"https:\/\/shilohfotisto.quorumgraphics.com\/?s={search_term_string}"},"query-input":{"@type":"PropertyValueSpecification","valueRequired":true,"valueName":"search_term_string"}}],"inLanguage":"en-US"}]}},"_links":{"self":[{"href":"https:\/\/shilohfotisto.quorumgraphics.com\/index.php\/wp-json\/wp\/v2\/pages\/15295","targetHints":{"allow":["GET"]}}],"collection":[{"href":"https:\/\/shilohfotisto.quorumgraphics.com\/index.php\/wp-json\/wp\/v2\/pages"}],"about":[{"href":"https:\/\/shilohfotisto.quorumgraphics.com\/index.php\/wp-json\/wp\/v2\/types\/page"}],"author":[{"embeddable":true,"href":"https:\/\/shilohfotisto.quorumgraphics.com\/index.php\/wp-json\/wp\/v2\/users\/1"}],"replies":[{"embeddable":true,"href":"https:\/\/shilohfotisto.quorumgraphics.com\/index.php\/wp-json\/wp\/v2\/comments?post=15295"}],"version-history":[{"count":20,"href":"https:\/\/shilohfotisto.quorumgraphics.com\/index.php\/wp-json\/wp\/v2\/pages\/15295\/revisions"}],"predecessor-version":[{"id":16237,"href":"https:\/\/shilohfotisto.quorumgraphics.com\/index.php\/wp-json\/wp\/v2\/pages\/15295\/revisions\/16237"}],"wp:attachment":[{"href":"https:\/\/shilohfotisto.quorumgraphics.com\/index.php\/wp-json\/wp\/v2\/media?parent=15295"}],"curies":[{"name":"wp","href":"https:\/\/api.w.org\/{rel}","templated":true}]}}